{"id":542,"date":"2019-01-25T19:24:50","date_gmt":"2019-01-25T19:24:50","guid":{"rendered":"http:\/\/tsjdgo.gob.mx\/PJDGOWP\/?page_id=542"},"modified":"2019-08-08T15:40:03","modified_gmt":"2019-08-08T15:40:03","slug":"transparencia","status":"publish","type":"page","link":"http:\/\/tsjdgo.gob.mx\/PJDGOWP\/transparencia\/","title":{"rendered":"Transparencia"},"content":{"rendered":"<h4>Transparencia<\/h4>\n<p><a href=\"\">Acerca de la Transparencia<\/a><\/p>\n<p>La transparencia es un valor central de la democracia y el acceso a la informaci\u00f3n p\u00fablica contribuye de forma determinante a la transparencia. El Estado de Durango, en reglamentaci\u00f3n a los art\u00edculos 6\u00ba de la Constituci\u00f3n Pol\u00edtica de los Estados Unidos Mexicanos y 29 de la Constituci\u00f3n Pol\u00edtica del Estado Libre y Soberano de Durango, cuenta con una&nbsp;<a href=\"http:\/\/pjdgo.gob.mx\/wp-content\/uploads\/2017\/03\/Ley-de-Transparencia-de-Durango.pdf\" target=\"_blank\" rel=\"noopener noreferrer\">Ley Estatal de Transparencia y Acceso a la Informaci\u00f3n P\u00fablica<\/a>, siendo su \u00f3rgano garante el&nbsp;<a href=\"http:\/\/www.idaip.org.mx\/\" target=\"_blank\" rel=\"noopener noreferrer\">Instituto Duranguense de Acceso a la Informaci\u00f3n P\u00fablica<\/a>.<\/p>\n<p>El derecho humano de acceso a la informaci\u00f3n p\u00fablica es la prerrogativa de las personas para buscar, difundir, investigar, recabar, recibir y solicitar informaci\u00f3n p\u00fablica, sin necesidad de acreditar personalidad ni inter\u00e9s jur\u00eddico. Algunos de los beneficios que tiene el particular al acceder a la informaci\u00f3n p\u00fablica son:<\/p>\n<ul>\n<li>Conocer y dar seguimiento a las acciones de las autoridades.<\/li>\n<li>Promover la transparencia y la rendici\u00f3n de cuentas de los Sujetos Obligados.<\/li>\n<li>Fortalecer la confianza entre la sociedad y las autoridades.<\/li>\n<li>Fomentar la participaci\u00f3n social en las decisiones y los asuntos p\u00fablicos.<\/li>\n<li>Mejorar la calidad de vida de la sociedad, con informaci\u00f3n \u00fatil para pedir becas, subsidios o distintos apoyos gubernamental.<\/li>\n<\/ul>\n<p>El Poder Judicial del Estado d eDurango es un \u00f3rgano con obligaciones de Transparencia y Acceso a la Informaci\u00f3n. Para ver el ser &nbsp;qu\u00e9 hacer en este contexto, selecciona cualquiera de las siguientes opciones:<\/p>\n<p><a href=\"\">Informaci\u00f3n P\u00fablica<\/a><\/p>\n<p style=\"text-align: left;\">Informaci\u00f3n p\u00fablica es toda informaci\u00f3n que generen, posean o administren los sujetos obligados, como&nbsp;consecuencia del ejercicio de sus facultades o atribuciones, o el cumplimiento de sus obligaciones, sin&nbsp;importar su origen, utilizaci\u00f3n o el medio en el que se contenga o almacene; la cual est\u00e1 contenida en&nbsp;documentos, fotograf\u00edas, grabaciones, soporte magn\u00e9tico, digital, sonoro, visual, electr\u00f3nico, inform\u00e1tico,&nbsp;hologr\u00e1fico o en cualquier otro elemento t\u00e9cnico existente o que surja con posterioridad.<\/p>\n<p><strong>PARA CONSULTAR INFORMACI\u00d3N P\u00daBLICA DEL PODER JUDICIAL DA <a href=\"https:\/\/consultapublicamx.inai.org.mx\/vut-web\/?idSujetoObigadoParametro=12411&amp;idEntidadParametro=10&amp;idSectorParametro=30\" target=\"_blank\" rel=\"noopener noreferrer\">CLICK AQU\u00cd<\/a><\/strong><\/p>\n<p><a href=\"\">Solicitud de Informaci\u00f3n<\/a><\/p>\n<p>Seg\u00fan la Ley de Transparencia y Acceso a la Informaci\u00f3n del Estado de Durango:<\/p>\n<p><strong>Art\u00edculo 118.<\/strong>&nbsp;Cualquier persona por s\u00ed misma o a trav\u00e9s de su representante, podr\u00e1 presentar solicitud de acceso a informaci\u00f3n ante la Unidad de Transparencia, a trav\u00e9s de la&nbsp;<a href=\"http:\/\/www.plataformadetransparencia.org.mx\/\" target=\"_blank\" rel=\"noopener noreferrer\">Plataforma Nacional<\/a>, en la oficina u oficinas designadas para ello, v\u00eda correo electr\u00f3nico, correo postal, mensajer\u00eda, tel\u00e9grafo, verbalmente o cualquier medio aprobado por el Sistema Nacional.<strong>&nbsp;<\/strong><\/p>\n<p><strong>Art\u00edculo 119.<\/strong>&nbsp;Trat\u00e1ndose de solicitudes de acceso a informaci\u00f3n formuladas mediante la Plataforma Nacional, se asignar\u00e1 autom\u00e1ticamente un n\u00famero de folio, con el que los solicitantes podr\u00e1n dar seguimiento a sus requerimientos. En los dem\u00e1s casos, la Unidad de Transparencia tendr\u00e1 que registrar y capturar la solicitud de acceso en la Plataforma Nacional y deber\u00e1 enviar el acuse de recibo al solicitante, en el que se indique la fecha de recepci\u00f3n, el folio que corresponda y los plazos de respuesta aplicables.<strong>&nbsp;<\/strong><\/p>\n<p><strong>Art\u00edculo 120.<\/strong>&nbsp;Para presentar una solicitud no se podr\u00e1n exigir mayores requisitos que los siguientes:<\/p>\n<ol>\n<li>Nombre, o en su caso, los datos generales de su representante;<\/li>\n<li>Domicilio o medio para recibir notificaciones;<\/li>\n<li>La descripci\u00f3n de la informaci\u00f3n solicitada;<\/li>\n<li>Cualquier otro dato que facilite su b\u00fasqueda y eventual localizaci\u00f3n, y<\/li>\n<li>La modalidad en la que prefiere se otorgue el acceso a la informaci\u00f3n, la cual podr\u00e1 ser verbal, siempre y cuando sea para fines de orientaci\u00f3n, mediante consulta directa, mediante la expedici\u00f3n de copias simples o certificadas o la reproducci\u00f3n en cualquier otro medio, incluidos los electr\u00f3nicos.<\/li>\n<\/ol>\n<p>En su caso, el solicitante se\u00f1alar\u00e1 el formato accesible o la lengua ind\u00edgena en la que se requiera la informaci\u00f3n de acuerdo a lo se\u00f1alado en la presente Ley.<\/p>\n<p>La informaci\u00f3n de las fracciones I y IV del presente art\u00edculo, ser\u00e1 proporcionada por el solicitante de manera opcional y, en ning\u00fan caso, podr\u00e1 ser un requisito indispensable para la procedencia de la solicitud.<\/p>\n<p><a href=\"\">\u00cdndice de Informaci\u00f3n Reservada<\/a><\/p>\n<p>Seg\u00fan la Ley de Transparencia y Acceso a la Informaci\u00f3n P\u00fablica del Estado de Durango:&nbsp;<\/p>\n<p><strong>ART\u00cdCULO 96<\/strong>. La clasificaci\u00f3n es el proceso mediante el cual el sujeto obligado determina que la informaci\u00f3n en su poder, actualiza alguno de los supuestos de reserva o confidencialidad, de conformidad con lo dispuesto en el presente T\u00edtulo.<\/p>\n<p>Los titulares de las \u00c1reas de los sujetos obligados ser\u00e1n los responsables de clasificar la informaci\u00f3n, de conformidad con lo dispuesto en esta Ley.<\/p>\n<p><strong>&nbsp;<\/strong><strong>ART\u00cdCULO 97.<\/strong> Los Documentos clasificados como reservados ser\u00e1n p\u00fablicos cuando:<\/p>\n<ol>\n<li>Se extingan las causas que dieron origen a su clasificaci\u00f3n;<\/li>\n<li>Expire el plazo de clasificaci\u00f3n;<\/li>\n<li>Exista resoluci\u00f3n de una autoridad competente que determine que existe una causa de inter\u00e9s p\u00fablico que prevalece sobre la reserva de la informaci\u00f3n, o<\/li>\n<li>El Comit\u00e9 de Transparencia considere pertinente la desclasificaci\u00f3n, de conformidad con lo se\u00f1alado en el presente T\u00edtulo.<\/li>\n<\/ol>\n<p>La informaci\u00f3n clasificada como reservada, seg\u00fan el art\u00edculo 109 de esta Ley, podr\u00e1 permanecer con tal car\u00e1cter hasta por un periodo de cinco a\u00f1os. El periodo de reserva correr\u00e1 a partir de la fecha en que se clasifica el documento.<\/p>\n<p><strong>PARA DESCARGAR EL \u00cdNDICE DE INFORMACI\u00d3N RESERVADA DA <a href=\"http:\/\/pjdgo.gob.mx\/transparencia\/UnidadTransparencia\/Documentos\/INDICE%20DE%20LOS%20EXPEDIENTES%20CONSIDERADOS%20COMO%20RESERVADOS.pdf\" target=\"_blank\" rel=\"noopener noreferrer\">CLICK AQU\u00cd<\/a><\/strong><\/p>\n<p><a href=\"\">Unidad de Transparencia<\/a><\/p>\n<p>Seg\u00fan la Ley de Transparencia y Acceso a la Informaci\u00f3n P\u00fablica del Estado de Durango:<\/p>\n<p><strong>Art\u00edculo 42.<\/strong>&nbsp;Los sujetos obligados designar\u00e1n al responsable de la Unidad de Transparencia que se constituir\u00e1 con los recursos humanos, t\u00e9cnicos, materiales y financieros de que dispongan.<\/p>\n<p>Las unidades de transparencia tendr\u00e1n como finalidad transparentar el ejercicio de la funci\u00f3n que realicen los sujetos obligados y coadyuvar con el efectivo ejercicio del derecho de acceso a la informaci\u00f3n p\u00fablica y tendr\u00e1n las siguientes funciones:<\/p>\n<p>I. Recabar y difundir la informaci\u00f3n a que se refieren los Cap\u00edtulos I, II, III y IV del T\u00edtulo Quinto de esta Ley y propiciar que las \u00c1reas las actualicen peri\u00f3dicamente, conforme la normatividad aplicable;<\/p>\n<p>II. Recibir y dar tr\u00e1mite a las solicitudes de acceso a la informaci\u00f3n;<\/p>\n<p>III. Auxiliar a los particulares en la elaboraci\u00f3n de solicitudes de acceso a la informaci\u00f3n y, en su caso, orientarlos sobre los sujetos obligados competentes conforme a la normatividad aplicable.<\/p>\n<p>IV. Realizar los tr\u00e1mites internos necesarios para la atenci\u00f3n de las solicitudes de acceso a la informaci\u00f3n.<\/p>\n<p>V. Efectuar las notificaciones a los solicitantes;<\/p>\n<p>VI. Proponer al Comit\u00e9 de Transparencia los procedimientos internos que aseguren la mayor eficiencia en la gesti\u00f3n de las solicitudes de acceso a la informaci\u00f3n, conforme a la normatividad aplicable;<\/p>\n<p>VII Proponer personal habilitado que sea necesario para recibir y dar tr\u00e1mite a las solicitudes de acceso a la informaci\u00f3n;<\/p>\n<p>VIII. Llevar un registro de las solicitudes de acceso a la informaci\u00f3n, respuestas, resultados, costos de reproducci\u00f3n y env\u00edo;<\/p>\n<p>IX. Promover e implementar pol\u00edticas de transparencia proactiva procurando su accesibilidad;<\/p>\n<p>X. Fomentar la transparencia y accesibilidad al interior del sujeto obligado;<\/p>\n<p>XI. Capacitar al personal necesario de los sujetos obligados al que pertenecen para dar tr\u00e1mite a las solicitudes de acceso a la informaci\u00f3n;<\/p>\n<p>XII. Asegurar que se mantenga actualizada la informaci\u00f3n p\u00fablica de oficio en el portal de transparencia, dentro de los plazos establecidos;<\/p>\n<p>XIII. Expedir las certificaciones de la informaci\u00f3n que obre en su poder, o solicitarlas ante la unidad respectiva de su adscripci\u00f3n;<\/p>\n<p>XIV. Hacer del conocimiento de la instancia competente la probable responsabilidad por el incumplimiento de las obligaciones previstas en la presente Ley y en las dem\u00e1s disposiciones aplicables, y<\/p>\n<p>XV. Las dem\u00e1s necesarias para garantizar y agilizar el flujo de la informaci\u00f3n entre el sujeto obligado y los particulares, que se desprendan de la normatividad aplicable.<\/p>\n<p>Los sujetos obligados promover\u00e1n acuerdos con instituciones p\u00fablicas especializadas que pudieran auxiliarles a entregar las respuestas a las solicitudes de informaci\u00f3n, en la lengua ind\u00edgena, braille o cualquier formato accesible correspondiente, en forma m\u00e1s eficiente.<\/p>\n<h2>Comit\u00e9 de transparencia<\/h2>\n<p>Seg\u00fan la Ley de Transparencia del Estado de Durango:<\/p>\n<p>Art\u00edculo 41. Cada Comit\u00e9 de Transparencia tendr\u00e1 las siguientes funciones:&nbsp;<\/p>\n<p>I. Instituir, coordinar y supervisar, en t\u00e9rminos de las disposiciones aplicables, las acciones y los procedimientos para asegurar la mayor eficacia en la gesti\u00f3n de las solicitudes en materia de acceso a la informaci\u00f3n.&nbsp;<\/p>\n<p>II. Confirmar, modificar o revocar las determinaciones que en materia de ampliaci\u00f3n del plazo de respuesta, clasificaci\u00f3n de la informaci\u00f3n y declaraci\u00f3n de inexistencia o de incompetencia realicen los titulares de las \u00c1reas de los sujetos obligados ;<\/p>\n<p>III. Ordenar, en su caso, a las \u00c1reas competentes que generen la informaci\u00f3n que derivado de sus facultades, competencias y funciones deban tener en posesi\u00f3n o que previa acreditaci\u00f3n de la imposibilidad de su generaci\u00f3n, exponga, de forma fundada y motivada, las razones por las cuales, en el caso particular, no ejercieron dichas facultades, competencias o funciones;<\/p>\n<p>IV. Establecer pol\u00edticas para facilitar la obtenci\u00f3n de informaci\u00f3n y el ejercicio del derecho de acceso a la informaci\u00f3n;<\/p>\n<p>V. Promover la capacitaci\u00f3n y actualizaci\u00f3n de los Servidores P\u00fablicos o integrantes adscritos a las Unidades de Transparencia;<\/p>\n<p>VI. Establecer programas de capacitaci\u00f3n en materia de transparencia, acceso a la informaci\u00f3n, accesibilidad y protecci\u00f3n de datos personales, para todos los Servidores P\u00fablicos o integrantes del sujeto obligado;<\/p>\n<p>VII. Recabar y enviar al Instituto, de conformidad con los lineamientos que estos expidan, los datos necesarios para la elaboraci\u00f3n del informe anual;<\/p>\n<p>VIII. Solicitar y autorizar la ampliaci\u00f3n del plazo de reserva de la informaci\u00f3n a que se refiere el art\u00edculo 97 de la presente Ley,<\/p>\n<p>IX. Declarar la inexistencia de la informaci\u00f3n solicitada con base en las constancias que justifiquen una b\u00fasqueda exhaustiva de la informaci\u00f3n o que la misma ha sido objeto de baja documental debidamente fundada y motivada; y<\/p>\n<p>X. Las dem\u00e1s que se desprendan de la normatividad aplicable.<\/p>\n<figure><img decoding=\"async\" width=\"132\" height=\"131\" src=\"http:\/\/tsjdgo.gob.mx\/PJDGOWP\/wp-content\/uploads\/2019\/01\/review_3.png\" alt=\"\"><\/figure>\n<h3>LIC. AD\u00c1N CUITL\u00c1HUAC MART\u00cdNEZ SLAS<\/h3>\n<p>SECRETARIO GENERAL DE ACUERDOS Y DEL PLENO DEL TRIBUNAL SUPERIOR DE JUSTICIA DEL ESTADO   -PRESIDENTE-<\/p>\n<figure><img decoding=\"async\" width=\"132\" height=\"132\" src=\"http:\/\/tsjdgo.gob.mx\/PJDGOWP\/wp-content\/uploads\/2019\/01\/review_2.png\" alt=\"\"><\/figure>\n<h3>LIC. JULIO CESAR PI\u00d1A GRITSSMAN<\/h3>\n<p>SECRETARIO EJECUTIVO DEL PLENO, CARRERA JUDICIAL Y DISCIPLINA DEL CONSEJO DE LA JUDICATURA -INTEGRANTE DEL COMIT\u00c9-<\/p>\n<figure><img decoding=\"async\" width=\"132\" height=\"131\" src=\"http:\/\/tsjdgo.gob.mx\/PJDGOWP\/wp-content\/uploads\/2019\/01\/review_3.png\" alt=\"\"><\/figure>\n<h3>C.P. TERESA DE JES\u00daS AISPURO TORRES<\/h3>\n<p>SECRETARIA   EJECUTIVA   DE<br \/>\nADMINISTRACI\u00d3N<br \/>\n-INTEGRANTE DEL COMIT\u00c9-<\/p>\n<figure><img decoding=\"async\" width=\"132\" height=\"132\" src=\"http:\/\/tsjdgo.gob.mx\/PJDGOWP\/wp-content\/uploads\/2019\/01\/review_2.png\" alt=\"\"><\/figure>\n<h3>LIC. ABEL N\u00da\u00d1EZ NAVARRO<\/h3>\n<p>DIRECTOR DE INFORM\u00c1TICA<br \/>\n-INTEGRANTE DEL COMIT\u00c9-<\/p>\n<figure><img decoding=\"async\" width=\"132\" height=\"131\" src=\"http:\/\/tsjdgo.gob.mx\/PJDGOWP\/wp-content\/uploads\/2019\/01\/review_3.png\" alt=\"\"><\/figure>\n<h3>C.P. MAR\u00cdA DE LOURDES VARGAS RODR\u00cdGUEZ<\/h3>\n<p>DIRECTORA DE AUDITOR\u00cdA INTERNA<br \/>\n-INTEGRANTE DEL COMIT\u00c9-<\/p>\n<figure><img decoding=\"async\" width=\"132\" height=\"132\" src=\"http:\/\/tsjdgo.gob.mx\/PJDGOWP\/wp-content\/uploads\/2019\/01\/review_2.png\" alt=\"\"><\/figure>\n<h3>C.P. JUAN JOS\u00c9 MAYNEZ ARZOLA<\/h3>\n<p>DIRECTOR DE ESTAD\u00cdSTICA<br \/>\n-INTEGRANTE DEL COMIT\u00c9-<\/p>\n<figure><img decoding=\"async\" width=\"132\" height=\"131\" src=\"http:\/\/tsjdgo.gob.mx\/PJDGOWP\/wp-content\/uploads\/2019\/01\/review_3.png\" alt=\"\"><\/figure>\n<h3>LIC. \u00c1NGEL NEVAREZ BRAVO<\/h3>\n<p>DIRECTOR DE VISITADUR\u00cdA<br \/>\nINTEGRANTE DEL COMIT\u00c9<\/p>\n<figure><img decoding=\"async\" width=\"132\" height=\"132\" src=\"http:\/\/tsjdgo.gob.mx\/PJDGOWP\/wp-content\/uploads\/2019\/01\/review_2.png\" alt=\"\"><\/figure>\n<h3>LIC. ADOLFO ALAN\u00cdS GONZ\u00c1LEZ<\/h3>\n<p>DIRECTOR DEL ARCHIVO JUDICIAL<br \/>\nINTEGRANTE DEL COMIT\u00c9<\/p>\n<figure><img decoding=\"async\" width=\"132\" height=\"131\" src=\"http:\/\/tsjdgo.gob.mx\/PJDGOWP\/wp-content\/uploads\/2019\/01\/review_3.png\" alt=\"\"><\/figure>\n<h3>C.P. SHELLYE LE\u00d3N CASILLAS<\/h3>\n<p>DIRECTORA DEL FONDO AUXILIAR DE LA ADMINISTRACI\u00d3N DE JUSTICIA<br \/>\nINTEGRANTE DEL COMIT\u00c9<\/p>\n<p><iframe frameborder=\"0\" scrolling=\"no\" marginheight=\"0\" marginwidth=\"0\" src=\"https:\/\/maps.google.com\/maps?q=Tribunal%20superior%20de%20justicia%2C%20durango%2C%20m%C3%A9xico&amp;t=m&amp;z=18&amp;output=embed&amp;iwloc=near\" aria-label=\"Tribunal superior de justicia, durango, m\u00e9xico\"><\/iframe><\/p>\n<h6>Ubicaci\u00f3n<\/h6>\n<p>Calle Zaragoza S\/N<br \/>\nCentro, Durango, Dgo.<\/p>\n<h6>Horario<\/h6>\n<p>09:00 AM &#8211; 03:00 PM<br \/>\nLunes a Viernes<\/p>\n<h6>Contacto<\/h6>\n<p>Conmutador: (618) 811-4712 y 811-65611<br \/>\nExt. 215<br \/>\nEmail: transparencia@pjdg.gob.mx<\/p>\n<p><a href=\"https:\/\/www.facebook.com\/PJDGO\/\" target=\"_blank\" rel=\"noopener noreferrer\"><br \/>\nFacebook<br \/>\n<\/a><br \/>\n<a href=\"\" target=\"_blank\" rel=\"noopener noreferrer\"><br \/>\nTwitter<br \/>\n<\/a><\/p>\n","protected":false},"excerpt":{"rendered":"<p>Transparencia Acerca de la Transparencia La transparencia es un valor central de la democracia y el acceso a la informaci\u00f3n p\u00fablica contribuye de forma determinante a la transparencia. El Estado&#8230; <a href=\"http:\/\/tsjdgo.gob.mx\/PJDGOWP\/transparencia\/\">Read more &raquo;<\/a><\/p>\n","protected":false},"author":1,"featured_media":0,"parent":0,"menu_order":0,"comment_status":"closed","ping_status":"closed","template":"","meta":{"footnotes":""},"_links":{"self":[{"href":"http:\/\/tsjdgo.gob.mx\/PJDGOWP\/wp-json\/wp\/v2\/pages\/542"}],"collection":[{"href":"http:\/\/tsjdgo.gob.mx\/PJDGOWP\/wp-json\/wp\/v2\/pages"}],"about":[{"href":"http:\/\/tsjdgo.gob.mx\/PJDGOWP\/wp-json\/wp\/v2\/types\/page"}],"author":[{"embeddable":true,"href":"http:\/\/tsjdgo.gob.mx\/PJDGOWP\/wp-json\/wp\/v2\/users\/1"}],"replies":[{"embeddable":true,"href":"http:\/\/tsjdgo.gob.mx\/PJDGOWP\/wp-json\/wp\/v2\/comments?post=542"}],"version-history":[{"count":14,"href":"http:\/\/tsjdgo.gob.mx\/PJDGOWP\/wp-json\/wp\/v2\/pages\/542\/revisions"}],"predecessor-version":[{"id":1141,"href":"http:\/\/tsjdgo.gob.mx\/PJDGOWP\/wp-json\/wp\/v2\/pages\/542\/revisions\/1141"}],"wp:attachment":[{"href":"http:\/\/tsjdgo.gob.mx\/PJDGOWP\/wp-json\/wp\/v2\/media?parent=542"}],"curies":[{"name":"wp","href":"https:\/\/api.w.org\/{rel}","templated":true}]}}