{"id":194,"date":"2018-12-05T19:43:24","date_gmt":"2018-12-05T19:43:24","guid":{"rendered":"http:\/\/tsjdgo.gob.mx\/PJDGOWP\/?page_id=194"},"modified":"2019-08-21T15:46:09","modified_gmt":"2019-08-21T15:46:09","slug":"organos-judiciales","status":"publish","type":"page","link":"http:\/\/tsjdgo.gob.mx\/PJDGOWP\/organos-judiciales\/","title":{"rendered":"Informes Semestrales"},"content":{"rendered":"\t\t<div data-elementor-type=\"wp-post\" data-elementor-id=\"194\" class=\"elementor elementor-194\">\n\t\t\t\t\t\t<section class=\"elementor-section elementor-top-section elementor-element elementor-element-2a2a9e4 elementor-section-boxed elementor-section-height-default elementor-section-height-default\" data-id=\"2a2a9e4\" data-element_type=\"section\">\n\t\t\t\t\t\t<div class=\"elementor-container elementor-column-gap-default\">\n\t\t\t\t\t<div class=\"elementor-column elementor-col-100 elementor-top-column elementor-element elementor-element-5e7c2d3\" data-id=\"5e7c2d3\" data-element_type=\"column\">\n\t\t\t<div class=\"elementor-widget-wrap elementor-element-populated\">\n\t\t\t\t\t\t<div class=\"elementor-element elementor-element-7669a40 elementor-widget elementor-widget-heading\" data-id=\"7669a40\" data-element_type=\"widget\" data-widget_type=\"heading.default\">\n\t\t\t\t<div class=\"elementor-widget-container\">\n\t\t\t<h1 class=\"elementor-heading-title elementor-size-default\">Informe Unidad de Derechos Humanos e Igualdad de G\u00e9nero<\/h1>\t\t<\/div>\n\t\t\t\t<\/div>\n\t\t\t\t\t<\/div>\n\t\t<\/div>\n\t\t\t\t\t<\/div>\n\t\t<\/section>\n\t\t\t\t<section class=\"elementor-section elementor-top-section elementor-element elementor-element-6863e31 elementor-section-boxed elementor-section-height-default elementor-section-height-default\" data-id=\"6863e31\" data-element_type=\"section\">\n\t\t\t\t\t\t<div class=\"elementor-container elementor-column-gap-default\">\n\t\t\t\t\t<div class=\"elementor-column elementor-col-100 elementor-top-column elementor-element elementor-element-713aa5b\" data-id=\"713aa5b\" data-element_type=\"column\">\n\t\t\t<div class=\"elementor-widget-wrap elementor-element-populated\">\n\t\t\t\t\t\t<div class=\"elementor-element elementor-element-ddfcade elementor-widget elementor-widget-text-editor\" data-id=\"ddfcade\" data-element_type=\"widget\" data-widget_type=\"text-editor.default\">\n\t\t\t\t<div class=\"elementor-widget-container\">\n\t\t\t\t\t\t\t<p>\u00a0 \u00a0 \u00a0 \u00a0 \u00a0Con\u00a0 fundamento en lo dispuesto en el numeral s\u00e9ptimo inciso c), del Acuerdo General n\u00famero 1\/2017 que modifica el Acuerdo General 1\/2015 del Pleno del Tribunal Superior de Justicia del Estado de Durango, por el que se crea la Unidad de Igualdad de G\u00e9nero y Derechos Humanos del Poder Judicial del Estado de Durango, se presenta informe semestral de las actividades ante el Consejo Consultivo y en el ejercicio contenida en la fracci\u00f3n 11 del numeral cuarto del Acuerdo mismo que es analizado y en su caso aprobado, para que sea remitido ante el H. Pleno Tribunal Superior de Justicia para dar cabal cumplimiento a lo dispuesto en el inciso m) del numeral sexto del Acuerdo multicitado.<\/p>\t\t\t\t\t\t<\/div>\n\t\t\t\t<\/div>\n\t\t\t\t\t<\/div>\n\t\t<\/div>\n\t\t\t\t\t<\/div>\n\t\t<\/section>\n\t\t\t\t<section class=\"elementor-section elementor-top-section elementor-element elementor-element-d98362d elementor-section-boxed elementor-section-height-default elementor-section-height-default\" data-id=\"d98362d\" data-element_type=\"section\">\n\t\t\t\t\t\t<div class=\"elementor-container elementor-column-gap-default\">\n\t\t\t\t\t<div class=\"elementor-column elementor-col-50 elementor-top-column elementor-element elementor-element-9bb8049\" data-id=\"9bb8049\" data-element_type=\"column\">\n\t\t\t<div class=\"elementor-widget-wrap elementor-element-populated\">\n\t\t\t\t\t\t<div class=\"elementor-element elementor-element-c4c9e06 elementor-button-info elementor-align-center elementor-widget__width-inherit elementor-widget elementor-widget-button\" data-id=\"c4c9e06\" data-element_type=\"widget\" data-widget_type=\"button.default\">\n\t\t\t\t<div class=\"elementor-widget-container\">\n\t\t\t\t\t\t\t<div class=\"elementor-button-wrapper\">\n\t\t\t\t\t<a class=\"elementor-button elementor-button-link elementor-size-sm\" href=\"http:\/\/tsjdgo.gob.mx\/PJDGOWP\/UDDHHIG\/Informe\/Primer%20informe%20UDDHHIG.PDF\" target=\"_blank\" id=\"Primer Informe \">\n\t\t\t\t\t\t<span class=\"elementor-button-content-wrapper\">\n\t\t\t\t\t\t<span class=\"elementor-button-icon\">\n\t\t\t\t\t\t\t\t\t<i class=\"fa fa-paste\" aria-hidden=\"true\"><\/i>\n\t\t\t\t\t\t\t<\/span>\n\t\t\t\t\t\t\t\t\t<span class=\"elementor-button-text\">Primer Informe<\/span>\n\t\t\t\t\t<\/span>\n\t\t\t\t\t<\/a>\n\t\t\t\t<\/div>\n\t\t\t\t\t\t<\/div>\n\t\t\t\t<\/div>\n\t\t\t\t\t<\/div>\n\t\t<\/div>\n\t\t\t\t<div class=\"elementor-column elementor-col-50 elementor-top-column elementor-element elementor-element-2ed9239\" data-id=\"2ed9239\" data-element_type=\"column\">\n\t\t\t<div class=\"elementor-widget-wrap elementor-element-populated\">\n\t\t\t\t\t\t<div class=\"elementor-element elementor-element-b2409b8 elementor-button-info elementor-align-center elementor-widget__width-inherit elementor-widget elementor-widget-button\" data-id=\"b2409b8\" data-element_type=\"widget\" data-widget_type=\"button.default\">\n\t\t\t\t<div class=\"elementor-widget-container\">\n\t\t\t\t\t\t\t<div class=\"elementor-button-wrapper\">\n\t\t\t\t\t<a class=\"elementor-button elementor-button-link elementor-size-sm\" href=\"http:\/\/tsjdgo.gob.mx\/PJDGOWP\/UDDHHIG\/Informe\/Segundo%20informe%20UDDHHIG.PDF\" target=\"_blank\" id=\"Primer Informe \">\n\t\t\t\t\t\t<span class=\"elementor-button-content-wrapper\">\n\t\t\t\t\t\t<span class=\"elementor-button-icon\">\n\t\t\t\t\t\t\t\t\t<i class=\"fa fa-paste\" aria-hidden=\"true\"><\/i>\n\t\t\t\t\t\t\t<\/span>\n\t\t\t\t\t\t\t\t\t<span class=\"elementor-button-text\">Segundo Informe<\/span>\n\t\t\t\t\t<\/span>\n\t\t\t\t\t<\/a>\n\t\t\t\t<\/div>\n\t\t\t\t\t\t<\/div>\n\t\t\t\t<\/div>\n\t\t\t\t\t<\/div>\n\t\t<\/div>\n\t\t\t\t\t<\/div>\n\t\t<\/section>\n\t\t\t\t<\/div>\n\t\t","protected":false},"excerpt":{"rendered":"<p>Informe Unidad de Derechos Humanos e Igualdad de G\u00e9nero &nbsp; &nbsp; &nbsp; &nbsp; &nbsp;Con&nbsp; fundamento en lo dispuesto en el numeral s\u00e9ptimo inciso c), del Acuerdo General n\u00famero 1\/2017 que&#8230; <a href=\"http:\/\/tsjdgo.gob.mx\/PJDGOWP\/organos-judiciales\/\">Read more &raquo;<\/a><\/p>\n","protected":false},"author":1,"featured_media":0,"parent":0,"menu_order":0,"comment_status":"closed","ping_status":"closed","template":"page-templates\/full-width.php","meta":{"footnotes":""},"_links":{"self":[{"href":"http:\/\/tsjdgo.gob.mx\/PJDGOWP\/wp-json\/wp\/v2\/pages\/194"}],"collection":[{"href":"http:\/\/tsjdgo.gob.mx\/PJDGOWP\/wp-json\/wp\/v2\/pages"}],"about":[{"href":"http:\/\/tsjdgo.gob.mx\/PJDGOWP\/wp-json\/wp\/v2\/types\/page"}],"author":[{"embeddable":true,"href":"http:\/\/tsjdgo.gob.mx\/PJDGOWP\/wp-json\/wp\/v2\/users\/1"}],"replies":[{"embeddable":true,"href":"http:\/\/tsjdgo.gob.mx\/PJDGOWP\/wp-json\/wp\/v2\/comments?post=194"}],"version-history":[{"count":11,"href":"http:\/\/tsjdgo.gob.mx\/PJDGOWP\/wp-json\/wp\/v2\/pages\/194\/revisions"}],"predecessor-version":[{"id":1143,"href":"http:\/\/tsjdgo.gob.mx\/PJDGOWP\/wp-json\/wp\/v2\/pages\/194\/revisions\/1143"}],"wp:attachment":[{"href":"http:\/\/tsjdgo.gob.mx\/PJDGOWP\/wp-json\/wp\/v2\/media?parent=194"}],"curies":[{"name":"wp","href":"https:\/\/api.w.org\/{rel}","templated":true}]}}